{"id":3587,"date":"2025-12-11T18:46:09","date_gmt":"2025-12-11T18:46:09","guid":{"rendered":"https:\/\/byhimmi.com\/?post_type=product&#038;p=3587"},"modified":"2025-12-19T09:36:31","modified_gmt":"2025-12-19T09:36:31","slug":"bigchild","status":"publish","type":"product","link":"https:\/\/byhimmi.com\/fr\/produit\/bigchild\/","title":{"rendered":"Grand enfant"},"content":{"rendered":"<p>\u201c BigChild \u201d<\/p>\n<p>&nbsp;<\/p>\n<p>N280921<\/p>\n<p>Diptyque<br \/>\nPeinture acrylique sur toile mont\u00e9e sur ch\u00e2ssis,<br \/>\ntechnique mixte, couteau \u00e0 palette \ud83d\udda4\ud83e\udde1\ud83e\udd0e<br \/>\nSign\u00e9e au dos et paraph\u00e9e sur le devant<\/p>\n<p>Dimensions:<br \/>\n160 x 120 cm (63 x 48 pouces)<\/p>","protected":false},"excerpt":{"rendered":"<p>\u201c BigChild \u201d<\/p>\n<p>&nbsp;<\/p>\n<p>N280921<\/p>\n<p>Diptyque<br \/>\nPeinture acrylique sur toile mont\u00e9e sur ch\u00e2ssis,<br \/>\ntechnique mixte, couteau \u00e0 palette \ud83d\udda4\ud83e\udde1\ud83e\udd0e<br \/>\nSign\u00e9e au dos et paraph\u00e9e sur le devant<\/p>\n<p>Dimensions:<br \/>\n160 x 120 cm (63 x 48 pouces)<\/p>\n<p>L'art abstrait concerne davantage l'expression et la beaut\u00e9 de l'expression que la beaut\u00e9 elle-m\u00eame. La vie peut parfois sembler lourde, et ELLE EST LOURDE et DIFFICILE, mais elle est aussi TELLEMENT BELLE ! Et pouvoir se tourner vers une fen\u00eatre cr\u00e9ative lorsque nous ne savons pas comment exprimer ce que nous ressentons n'a tout simplement pas de prix.<\/p>\n<p>Une peinture est comme un journal visuel de ce que j'ai en moi. La peinture finale est aussi importante que le processus lui-m\u00eame, car elle me permet de ne pas avoir de limites ni d'attentes.<\/p>\n<p>Celui-ci est tr\u00e8s sp\u00e9cial pour moi, car il marque la fin d'un chapitre et le d\u00e9but d'un autre. C'est la fin d'une p\u00e9riode difficile que je consid\u00e8re comme une p\u00e9riode de gu\u00e9rison, de comblement des lacunes sociales, de d\u00e9veloppement moral et personnel. Une phase que j'ai pass\u00e9e \u00e0 essayer de survivre plut\u00f4t que de vivre, une phase difficile enfin termin\u00e9e.<\/p>\n<p>Aujourd'hui plus que jamais, je suis reconnaissant d'avoir surv\u00e9cu \u00e0 un pass\u00e9 difficile que j'ai enfin r\u00e9ussi \u00e0 accepter. Je suis tr\u00e8s reconnaissant envers Dieu et envers les rares personnes qui ont toujours \u00e9t\u00e9 l\u00e0 pour moi, pour m'avoir aid\u00e9 \u00e0 devenir la personne que je suis aujourd'hui. Une personne dont je suis fier pour son attachement \u00e0 ses valeurs, pour son esprit et son authenticit\u00e9. Ce n'est pas par arrogance, mais plut\u00f4t par un amour-propre innocent dont je me suis longtemps priv\u00e9.<\/p>","protected":false},"featured_media":3588,"template":"","meta":{"site-sidebar-layout":"default","site-content-layout":"","ast-site-content-layout":"default","site-content-style":"default","site-sidebar-style":"default","ast-global-header-display":"","ast-banner-title-visibility":"","ast-main-header-display":"","ast-hfb-above-header-display":"","ast-hfb-below-header-display":"","ast-hfb-mobile-header-display":"","site-post-title":"","ast-breadcrumbs-content":"","ast-featured-img":"","footer-sml-layout":"","theme-transparent-header-meta":"default","adv-header-id-meta":"","stick-header-meta":"","header-above-stick-meta":"","header-main-stick-meta":"","header-below-stick-meta":"","astra-migrate-meta-layouts":"set","ast-page-background-enabled":"default","ast-page-background-meta":{"desktop":{"background-color":"","background-image":"","background-repeat":"repeat","background-position":"center center","background-size":"auto","background-attachment":"scroll","background-type":"","background-media":"","overlay-type":"","overlay-color":"","overlay-opacity":"","overlay-gradient":""},"tablet":{"background-color":"","background-image":"","background-repeat":"repeat","background-position":"center center","background-size":"auto","background-attachment":"scroll","background-type":"","background-media":"","overlay-type":"","overlay-color":"","overlay-opacity":"","overlay-gradient":""},"mobile":{"background-color":"","background-image":"","background-repeat":"repeat","background-position":"center center","background-size":"auto","background-attachment":"scroll","background-type":"","background-media":"","overlay-type":"","overlay-color":"","overlay-opacity":"","overlay-gradient":""}},"ast-content-background-meta":{"desktop":{"background-color":"var(--ast-global-color-5)","background-image":"","background-repeat":"repeat","background-position":"center center","background-size":"auto","background-attachment":"scroll","background-type":"","background-media":"","overlay-type":"","overlay-color":"","overlay-opacity":"","overlay-gradient":""},"tablet":{"background-color":"var(--ast-global-color-5)","background-image":"","background-repeat":"repeat","background-position":"center center","background-size":"auto","background-attachment":"scroll","background-type":"","background-media":"","overlay-type":"","overlay-color":"","overlay-opacity":"","overlay-gradient":""},"mobile":{"background-color":"var(--ast-global-color-5)","background-image":"","background-repeat":"repeat","background-position":"center center","background-size":"auto","background-attachment":"scroll","background-type":"","background-media":"","overlay-type":"","overlay-color":"","overlay-opacity":"","overlay-gradient":""}}},"product_brand":[],"product_cat":[16],"product_tag":[],"class_list":{"0":"post-3587","1":"product","2":"type-product","3":"status-publish","4":"has-post-thumbnail","6":"product_cat-abstract","7":"pa_categorie-abstract","8":"pa_categorie-floral","9":"pa_color-red","10":"pa_color-white","11":"pa_color-yellow","12":"desktop-align-center","13":"tablet-align-center","14":"mobile-align-center","16":"first","17":"outofstock","18":"sold-individually","19":"shipping-taxable","20":"purchasable","21":"product-type-simple"},"yoast_head":"<!-- This site is optimized with the Yoast SEO Premium plugin v26.5 (Yoast SEO v26.6) - https:\/\/yoast.com\/wordpress\/plugins\/seo\/ -->\n<title>BigChild - ByHIMMI<\/title>\n<meta name=\"robots\" content=\"index, follow, max-snippet:-1, max-image-preview:large, max-video-preview:-1\" \/>\n<link rel=\"canonical\" href=\"https:\/\/byhimmi.com\/fr\/produit\/bigchild\/\" \/>\n<meta property=\"og:locale\" content=\"fr_FR\" \/>\n<meta property=\"og:type\" content=\"article\" \/>\n<meta property=\"og:title\" content=\"BigChild\" \/>\n<meta property=\"og:description\" content=\"&quot;BigChild&quot;  &nbsp;  N280921  Diptych Arcylic paint on stretched canvas, mixed technique, Palette knife \ud83d\udda4\ud83e\udde1\ud83e\udd0e Signed on the back and initialed on the front  Size: 160 x 120 cm (63 x 48 inch)  Abstract art is more about the expression and the beauty of the expression than the beauty itself. Life sometimes can feel heavy and IT IS HEAVY and HARD but also So BEAUTIFUL! And having a creative window to turn to when we are not sure how to express what we feel\u00a0is just priceless.  A painting is like a visual journal of what I have inside. The final painting is important as the process itself, because it allows me to have no boundaries or expectations.  This one is very special to me, because it marks the end of one chapter and the beginning of another. This is the end of a difficult period that I consider a period of healing, of filling social gaps, of building my moral and personal development. A phase that I spent trying to survive instead of living, a difficult phase finally over.  Today more than ever, I am grateful to have survived a difficult past that I have finally come to terms with. I am very grateful to God and the very few ones who has always been there for me, to be the person I am today. A person of whom I am proud of his attachment to his values, for his spirit, and his authenticity. It is not out of arrogance, but rather out of innocent self-love that I have long deprived myself of.\" \/>\n<meta property=\"og:url\" content=\"https:\/\/byhimmi.com\/fr\/produit\/bigchild\/\" \/>\n<meta property=\"og:site_name\" content=\"ByHIMMI\" \/>\n<meta property=\"article:modified_time\" content=\"2025-12-19T09:36:31+00:00\" \/>\n<meta property=\"og:image\" content=\"https:\/\/byhimmi.com\/wp-content\/uploads\/2025\/12\/big_child-scaled.webp\" \/>\n\t<meta property=\"og:image:width\" content=\"807\" \/>\n\t<meta property=\"og:image:height\" content=\"1080\" \/>\n\t<meta property=\"og:image:type\" content=\"image\/webp\" \/>\n<meta name=\"twitter:card\" content=\"summary_large_image\" \/>\n<meta name=\"twitter:label1\" content=\"Dur\u00e9e de lecture estim\u00e9e\" \/>\n\t<meta name=\"twitter:data1\" content=\"1 minute\" \/>\n<script type=\"application\/ld+json\" class=\"yoast-schema-graph\">{\"@context\":\"https:\/\/schema.org\",\"@graph\":[{\"@type\":\"WebPage\",\"@id\":\"https:\/\/byhimmi.com\/fr\/produit\/bigchild\/\",\"url\":\"https:\/\/byhimmi.com\/fr\/produit\/bigchild\/\",\"name\":\"BigChild - ByHIMMI\",\"isPartOf\":{\"@id\":\"https:\/\/byhimmi.com\/fr\/#website\"},\"primaryImageOfPage\":{\"@id\":\"https:\/\/byhimmi.com\/fr\/produit\/bigchild\/#primaryimage\"},\"image\":{\"@id\":\"https:\/\/byhimmi.com\/fr\/produit\/bigchild\/#primaryimage\"},\"thumbnailUrl\":\"https:\/\/byhimmi.com\/wp-content\/uploads\/2025\/12\/big_child-scaled.webp\",\"datePublished\":\"2025-12-11T18:46:09+00:00\",\"dateModified\":\"2025-12-19T09:36:31+00:00\",\"breadcrumb\":{\"@id\":\"https:\/\/byhimmi.com\/fr\/produit\/bigchild\/#breadcrumb\"},\"inLanguage\":\"fr-FR\",\"potentialAction\":[{\"@type\":\"ReadAction\",\"target\":[\"https:\/\/byhimmi.com\/fr\/produit\/bigchild\/\"]}]},{\"@type\":\"ImageObject\",\"inLanguage\":\"fr-FR\",\"@id\":\"https:\/\/byhimmi.com\/fr\/produit\/bigchild\/#primaryimage\",\"url\":\"https:\/\/byhimmi.com\/wp-content\/uploads\/2025\/12\/big_child-scaled.webp\",\"contentUrl\":\"https:\/\/byhimmi.com\/wp-content\/uploads\/2025\/12\/big_child-scaled.webp\",\"width\":807,\"height\":1080},{\"@type\":\"BreadcrumbList\",\"@id\":\"https:\/\/byhimmi.com\/fr\/produit\/bigchild\/#breadcrumb\",\"itemListElement\":[{\"@type\":\"ListItem\",\"position\":1,\"name\":\"Home\",\"item\":\"https:\/\/byhimmi.com\/fr\/\"},{\"@type\":\"ListItem\",\"position\":2,\"name\":\"Artwork &#8211; Shop\",\"item\":\"https:\/\/byhimmi.com\/fr\/shop\/\"},{\"@type\":\"ListItem\",\"position\":3,\"name\":\"BigChild\"}]},{\"@type\":\"WebSite\",\"@id\":\"https:\/\/byhimmi.com\/fr\/#website\",\"url\":\"https:\/\/byhimmi.com\/fr\/\",\"name\":\"ByHIMMI\",\"description\":\"Painter Artist\",\"publisher\":{\"@id\":\"https:\/\/byhimmi.com\/fr\/#\/schema\/person\/34b48fa086b1c3e85870e9559470de2f\"},\"potentialAction\":[{\"@type\":\"SearchAction\",\"target\":{\"@type\":\"EntryPoint\",\"urlTemplate\":\"https:\/\/byhimmi.com\/fr\/?s={search_term_string}\"},\"query-input\":{\"@type\":\"PropertyValueSpecification\",\"valueRequired\":true,\"valueName\":\"search_term_string\"}}],\"inLanguage\":\"fr-FR\"},{\"@type\":[\"Person\",\"Organization\"],\"@id\":\"https:\/\/byhimmi.com\/fr\/#\/schema\/person\/34b48fa086b1c3e85870e9559470de2f\",\"name\":\"Haitam Nasr Eddine HIMMI\",\"image\":{\"@type\":\"ImageObject\",\"inLanguage\":\"fr-FR\",\"@id\":\"https:\/\/byhimmi.com\/fr\/#\/schema\/person\/image\/\",\"url\":\"https:\/\/byhimmi.com\/wp-content\/uploads\/2025\/11\/cropped-LogoBlack.webp\",\"contentUrl\":\"https:\/\/byhimmi.com\/wp-content\/uploads\/2025\/11\/cropped-LogoBlack.webp\",\"width\":1021,\"height\":489,\"caption\":\"Haitam Nasr Eddine HIMMI\"},\"logo\":{\"@id\":\"https:\/\/byhimmi.com\/fr\/#\/schema\/person\/image\/\"}}]}<\/script>\n<!-- \/ Yoast SEO Premium plugin. -->","yoast_head_json":{"title":"BigChild - Par HIMMI","robots":{"index":"index","follow":"follow","max-snippet":"max-snippet:-1","max-image-preview":"max-image-preview:large","max-video-preview":"max-video-preview:-1"},"canonical":"https:\/\/byhimmi.com\/fr\/produit\/bigchild\/","og_locale":"fr_FR","og_type":"article","og_title":"BigChild","og_description":"\"BigChild\"  &nbsp;  N280921  Diptych Arcylic paint on stretched canvas, mixed technique, Palette knife \ud83d\udda4\ud83e\udde1\ud83e\udd0e Signed on the back and initialed on the front  Size: 160 x 120 cm (63 x 48 inch)  Abstract art is more about the expression and the beauty of the expression than the beauty itself. Life sometimes can feel heavy and IT IS HEAVY and HARD but also So BEAUTIFUL! And having a creative window to turn to when we are not sure how to express what we feel\u00a0is just priceless.  A painting is like a visual journal of what I have inside. The final painting is important as the process itself, because it allows me to have no boundaries or expectations.  This one is very special to me, because it marks the end of one chapter and the beginning of another. This is the end of a difficult period that I consider a period of healing, of filling social gaps, of building my moral and personal development. A phase that I spent trying to survive instead of living, a difficult phase finally over.  Today more than ever, I am grateful to have survived a difficult past that I have finally come to terms with. I am very grateful to God and the very few ones who has always been there for me, to be the person I am today. A person of whom I am proud of his attachment to his values, for his spirit, and his authenticity. It is not out of arrogance, but rather out of innocent self-love that I have long deprived myself of.","og_url":"https:\/\/byhimmi.com\/fr\/produit\/bigchild\/","og_site_name":"ByHIMMI","article_modified_time":"2025-12-19T09:36:31+00:00","og_image":[{"width":807,"height":1080,"url":"https:\/\/byhimmi.com\/wp-content\/uploads\/2025\/12\/big_child-scaled.webp","type":"image\/webp"}],"twitter_card":"summary_large_image","twitter_misc":{"Dur\u00e9e de lecture estim\u00e9e":"1 minute"},"schema":{"@context":"https:\/\/schema.org","@graph":[{"@type":"WebPage","@id":"https:\/\/byhimmi.com\/fr\/produit\/bigchild\/","url":"https:\/\/byhimmi.com\/fr\/produit\/bigchild\/","name":"BigChild - Par HIMMI","isPartOf":{"@id":"https:\/\/byhimmi.com\/fr\/#website"},"primaryImageOfPage":{"@id":"https:\/\/byhimmi.com\/fr\/produit\/bigchild\/#primaryimage"},"image":{"@id":"https:\/\/byhimmi.com\/fr\/produit\/bigchild\/#primaryimage"},"thumbnailUrl":"https:\/\/byhimmi.com\/wp-content\/uploads\/2025\/12\/big_child-scaled.webp","datePublished":"2025-12-11T18:46:09+00:00","dateModified":"2025-12-19T09:36:31+00:00","breadcrumb":{"@id":"https:\/\/byhimmi.com\/fr\/produit\/bigchild\/#breadcrumb"},"inLanguage":"fr-FR","potentialAction":[{"@type":"ReadAction","target":["https:\/\/byhimmi.com\/fr\/produit\/bigchild\/"]}]},{"@type":"ImageObject","inLanguage":"fr-FR","@id":"https:\/\/byhimmi.com\/fr\/produit\/bigchild\/#primaryimage","url":"https:\/\/byhimmi.com\/wp-content\/uploads\/2025\/12\/big_child-scaled.webp","contentUrl":"https:\/\/byhimmi.com\/wp-content\/uploads\/2025\/12\/big_child-scaled.webp","width":807,"height":1080},{"@type":"BreadcrumbList","@id":"https:\/\/byhimmi.com\/fr\/produit\/bigchild\/#breadcrumb","itemListElement":[{"@type":"ListItem","position":1,"name":"Home","item":"https:\/\/byhimmi.com\/fr\/"},{"@type":"ListItem","position":2,"name":"Artwork &#8211; Shop","item":"https:\/\/byhimmi.com\/fr\/shop\/"},{"@type":"ListItem","position":3,"name":"BigChild"}]},{"@type":"WebSite","@id":"https:\/\/byhimmi.com\/fr\/#website","url":"https:\/\/byhimmi.com\/fr\/","name":"ByHIMMI","description":"Artiste Peintre","publisher":{"@id":"https:\/\/byhimmi.com\/fr\/#\/schema\/person\/34b48fa086b1c3e85870e9559470de2f"},"potentialAction":[{"@type":"SearchAction","target":{"@type":"EntryPoint","urlTemplate":"https:\/\/byhimmi.com\/fr\/?s={search_term_string}"},"query-input":{"@type":"PropertyValueSpecification","valueRequired":true,"valueName":"search_term_string"}}],"inLanguage":"fr-FR"},{"@type":["Person","Organization"],"@id":"https:\/\/byhimmi.com\/fr\/#\/schema\/person\/34b48fa086b1c3e85870e9559470de2f","name":"Haitam Nasr Eddine HIMMI","image":{"@type":"ImageObject","inLanguage":"fr-FR","@id":"https:\/\/byhimmi.com\/fr\/#\/schema\/person\/image\/","url":"https:\/\/byhimmi.com\/wp-content\/uploads\/2025\/11\/cropped-LogoBlack.webp","contentUrl":"https:\/\/byhimmi.com\/wp-content\/uploads\/2025\/11\/cropped-LogoBlack.webp","width":1021,"height":489,"caption":"Haitam Nasr Eddine HIMMI"},"logo":{"@id":"https:\/\/byhimmi.com\/fr\/#\/schema\/person\/image\/"}}]}},"_links":{"self":[{"href":"https:\/\/byhimmi.com\/fr\/wp-json\/wp\/v2\/product\/3587","targetHints":{"allow":["GET"]}}],"collection":[{"href":"https:\/\/byhimmi.com\/fr\/wp-json\/wp\/v2\/product"}],"about":[{"href":"https:\/\/byhimmi.com\/fr\/wp-json\/wp\/v2\/types\/product"}],"version-history":[{"count":2,"href":"https:\/\/byhimmi.com\/fr\/wp-json\/wp\/v2\/product\/3587\/revisions"}],"predecessor-version":[{"id":3596,"href":"https:\/\/byhimmi.com\/fr\/wp-json\/wp\/v2\/product\/3587\/revisions\/3596"}],"wp:featuredmedia":[{"embeddable":true,"href":"https:\/\/byhimmi.com\/fr\/wp-json\/wp\/v2\/media\/3588"}],"wp:attachment":[{"href":"https:\/\/byhimmi.com\/fr\/wp-json\/wp\/v2\/media?parent=3587"}],"wp:term":[{"taxonomy":"product_brand","embeddable":true,"href":"https:\/\/byhimmi.com\/fr\/wp-json\/wp\/v2\/product_brand?post=3587"},{"taxonomy":"product_cat","embeddable":true,"href":"https:\/\/byhimmi.com\/fr\/wp-json\/wp\/v2\/product_cat?post=3587"},{"taxonomy":"product_tag","embeddable":true,"href":"https:\/\/byhimmi.com\/fr\/wp-json\/wp\/v2\/product_tag?post=3587"}],"curies":[{"name":"wp","href":"https:\/\/api.w.org\/{rel}","templated":true}]}}