{"id":3574,"date":"2025-12-11T18:38:09","date_gmt":"2025-12-11T18:38:09","guid":{"rendered":"https:\/\/byhimmi.com\/?post_type=product&#038;p=3574"},"modified":"2025-12-11T18:42:00","modified_gmt":"2025-12-11T18:42:00","slug":"lost-in-colors","status":"publish","type":"product","link":"https:\/\/byhimmi.com\/fr\/produit\/lost-in-colors\/","title":{"rendered":"Perdu dans les couleurs"},"content":{"rendered":"<p>\u201c Perdu dans les couleurs \u201d<\/p>\n<p>L\u00e0 o\u00f9 les fronti\u00e8res s'estompent et o\u00f9 les couleurs s'entrechoquent, les \u00e9motions dansent dans une symphonie vibrante. Ressentez la chaleur de la passion, la fra\u00eecheur du calme, l'\u00e9nergie de la vie.<\/p>\n<p>&nbsp;<\/p>\n<p>N210821<br \/>\nPeinture acrylique sur toile mont\u00e9e sur ch\u00e2ssis,<br \/>\nTechnique mixte, Palette \ud83d\udc9b\u2764\ufe0f\ud83d\udc99<br \/>\nSign\u00e9e au dos et paraph\u00e9e sur le devant<\/p>\n<p>Dimensions:<br \/>\n120 x 80 cm (48 x 24 pouces)<\/p>","protected":false},"excerpt":{"rendered":"<p>\u201c Perdu dans les couleurs \u201d 2024<\/p>\n<p>L\u00e0 o\u00f9 les fronti\u00e8res s'estompent et o\u00f9 les couleurs s'entrechoquent, les \u00e9motions dansent dans une symphonie vibrante. Ressentez la chaleur de la passion, la fra\u00eecheur du calme, l'\u00e9nergie de la vie.<\/p>\n<p>&nbsp;<\/p>\n<p>N210821<br \/>\nPeinture acrylique sur toile mont\u00e9e sur ch\u00e2ssis,<br \/>\nTechnique mixte, Palette \ud83d\udc9b\u2764\ufe0f\ud83d\udc99<br \/>\nSign\u00e9e au dos et paraph\u00e9e sur le devant<\/p>\n<p>Dimensions:<br \/>\n120 x 80 cm (48 x 24 pouces)<\/p>","protected":false},"featured_media":3579,"template":"","meta":{"site-sidebar-layout":"default","site-content-layout":"","ast-site-content-layout":"default","site-content-style":"default","site-sidebar-style":"default","ast-global-header-display":"","ast-banner-title-visibility":"","ast-main-header-display":"","ast-hfb-above-header-display":"","ast-hfb-below-header-display":"","ast-hfb-mobile-header-display":"","site-post-title":"","ast-breadcrumbs-content":"","ast-featured-img":"","footer-sml-layout":"","theme-transparent-header-meta":"default","adv-header-id-meta":"","stick-header-meta":"","header-above-stick-meta":"","header-main-stick-meta":"","header-below-stick-meta":"","astra-migrate-meta-layouts":"set","ast-page-background-enabled":"default","ast-page-background-meta":{"desktop":{"background-color":"","background-image":"","background-repeat":"repeat","background-position":"center center","background-size":"auto","background-attachment":"scroll","background-type":"","background-media":"","overlay-type":"","overlay-color":"","overlay-opacity":"","overlay-gradient":""},"tablet":{"background-color":"","background-image":"","background-repeat":"repeat","background-position":"center center","background-size":"auto","background-attachment":"scroll","background-type":"","background-media":"","overlay-type":"","overlay-color":"","overlay-opacity":"","overlay-gradient":""},"mobile":{"background-color":"","background-image":"","background-repeat":"repeat","background-position":"center center","background-size":"auto","background-attachment":"scroll","background-type":"","background-media":"","overlay-type":"","overlay-color":"","overlay-opacity":"","overlay-gradient":""}},"ast-content-background-meta":{"desktop":{"background-color":"var(--ast-global-color-5)","background-image":"","background-repeat":"repeat","background-position":"center center","background-size":"auto","background-attachment":"scroll","background-type":"","background-media":"","overlay-type":"","overlay-color":"","overlay-opacity":"","overlay-gradient":""},"tablet":{"background-color":"var(--ast-global-color-5)","background-image":"","background-repeat":"repeat","background-position":"center center","background-size":"auto","background-attachment":"scroll","background-type":"","background-media":"","overlay-type":"","overlay-color":"","overlay-opacity":"","overlay-gradient":""},"mobile":{"background-color":"var(--ast-global-color-5)","background-image":"","background-repeat":"repeat","background-position":"center center","background-size":"auto","background-attachment":"scroll","background-type":"","background-media":"","overlay-type":"","overlay-color":"","overlay-opacity":"","overlay-gradient":""}}},"product_brand":[],"product_cat":[16],"product_tag":[],"class_list":{"0":"post-3574","1":"product","2":"type-product","3":"status-publish","4":"has-post-thumbnail","6":"product_cat-abstract","7":"pa_categorie-abstract","8":"pa_categorie-floral","9":"pa_color-red","10":"pa_color-white","11":"pa_color-yellow","12":"desktop-align-center","13":"tablet-align-center","14":"mobile-align-center","16":"first","17":"outofstock","18":"sold-individually","19":"shipping-taxable","20":"purchasable","21":"product-type-simple"},"yoast_head":"<!-- This site is optimized with the Yoast SEO Premium plugin v26.5 (Yoast SEO v26.6) - https:\/\/yoast.com\/wordpress\/plugins\/seo\/ -->\n<title>Lost in colors - ByHIMMI<\/title>\n<meta name=\"robots\" content=\"index, follow, max-snippet:-1, max-image-preview:large, max-video-preview:-1\" \/>\n<link rel=\"canonical\" href=\"https:\/\/byhimmi.com\/fr\/produit\/lost-in-colors\/\" \/>\n<meta property=\"og:locale\" content=\"fr_FR\" \/>\n<meta property=\"og:type\" content=\"article\" \/>\n<meta property=\"og:title\" content=\"Lost in colors\" \/>\n<meta property=\"og:description\" content=\"&quot;Lost in colors&quot; 2024  Where boundaries blur and colors collide, emotions dance in a vibrant symphony. Feel the heat of passion, the coolness of calm, the energy of life.  &nbsp;  N210821 Arcylic paint on stretched canvas, Mixed technique, Palette \ud83d\udc9b\u2764\ufe0f\ud83d\udc99 Signed on the back and initialed on the front  Size: 120 x 80 cm (48 x 24 inch)\" \/>\n<meta property=\"og:url\" content=\"https:\/\/byhimmi.com\/fr\/produit\/lost-in-colors\/\" \/>\n<meta property=\"og:site_name\" content=\"ByHIMMI\" \/>\n<meta property=\"article:modified_time\" content=\"2025-12-11T18:42:00+00:00\" \/>\n<meta property=\"og:image\" content=\"https:\/\/byhimmi.com\/wp-content\/uploads\/2025\/12\/lost_in_colors-optimized.webp\" \/>\n\t<meta property=\"og:image:width\" content=\"863\" \/>\n\t<meta property=\"og:image:height\" content=\"1080\" \/>\n\t<meta property=\"og:image:type\" content=\"image\/jpeg\" \/>\n<meta name=\"twitter:card\" content=\"summary_large_image\" \/>\n<script type=\"application\/ld+json\" class=\"yoast-schema-graph\">{\"@context\":\"https:\/\/schema.org\",\"@graph\":[{\"@type\":\"WebPage\",\"@id\":\"https:\/\/byhimmi.com\/fr\/produit\/lost-in-colors\/\",\"url\":\"https:\/\/byhimmi.com\/fr\/produit\/lost-in-colors\/\",\"name\":\"Lost in colors - ByHIMMI\",\"isPartOf\":{\"@id\":\"https:\/\/byhimmi.com\/fr\/#website\"},\"primaryImageOfPage\":{\"@id\":\"https:\/\/byhimmi.com\/fr\/produit\/lost-in-colors\/#primaryimage\"},\"image\":{\"@id\":\"https:\/\/byhimmi.com\/fr\/produit\/lost-in-colors\/#primaryimage\"},\"thumbnailUrl\":\"https:\/\/byhimmi.com\/wp-content\/uploads\/2025\/12\/lost_in_colors-optimized.webp\",\"datePublished\":\"2025-12-11T18:38:09+00:00\",\"dateModified\":\"2025-12-11T18:42:00+00:00\",\"breadcrumb\":{\"@id\":\"https:\/\/byhimmi.com\/fr\/produit\/lost-in-colors\/#breadcrumb\"},\"inLanguage\":\"fr-FR\",\"potentialAction\":[{\"@type\":\"ReadAction\",\"target\":[\"https:\/\/byhimmi.com\/fr\/produit\/lost-in-colors\/\"]}]},{\"@type\":\"ImageObject\",\"inLanguage\":\"fr-FR\",\"@id\":\"https:\/\/byhimmi.com\/fr\/produit\/lost-in-colors\/#primaryimage\",\"url\":\"https:\/\/byhimmi.com\/wp-content\/uploads\/2025\/12\/lost_in_colors-optimized.webp\",\"contentUrl\":\"https:\/\/byhimmi.com\/wp-content\/uploads\/2025\/12\/lost_in_colors-optimized.webp\",\"width\":863,\"height\":1080},{\"@type\":\"BreadcrumbList\",\"@id\":\"https:\/\/byhimmi.com\/fr\/produit\/lost-in-colors\/#breadcrumb\",\"itemListElement\":[{\"@type\":\"ListItem\",\"position\":1,\"name\":\"Home\",\"item\":\"https:\/\/byhimmi.com\/fr\/\"},{\"@type\":\"ListItem\",\"position\":2,\"name\":\"Artwork &#8211; Shop\",\"item\":\"https:\/\/byhimmi.com\/fr\/shop\/\"},{\"@type\":\"ListItem\",\"position\":3,\"name\":\"Lost in colors\"}]},{\"@type\":\"WebSite\",\"@id\":\"https:\/\/byhimmi.com\/fr\/#website\",\"url\":\"https:\/\/byhimmi.com\/fr\/\",\"name\":\"ByHIMMI\",\"description\":\"Painter Artist\",\"publisher\":{\"@id\":\"https:\/\/byhimmi.com\/fr\/#\/schema\/person\/34b48fa086b1c3e85870e9559470de2f\"},\"potentialAction\":[{\"@type\":\"SearchAction\",\"target\":{\"@type\":\"EntryPoint\",\"urlTemplate\":\"https:\/\/byhimmi.com\/fr\/?s={search_term_string}\"},\"query-input\":{\"@type\":\"PropertyValueSpecification\",\"valueRequired\":true,\"valueName\":\"search_term_string\"}}],\"inLanguage\":\"fr-FR\"},{\"@type\":[\"Person\",\"Organization\"],\"@id\":\"https:\/\/byhimmi.com\/fr\/#\/schema\/person\/34b48fa086b1c3e85870e9559470de2f\",\"name\":\"Haitam Nasr Eddine HIMMI\",\"image\":{\"@type\":\"ImageObject\",\"inLanguage\":\"fr-FR\",\"@id\":\"https:\/\/byhimmi.com\/fr\/#\/schema\/person\/image\/\",\"url\":\"https:\/\/byhimmi.com\/wp-content\/uploads\/2025\/11\/cropped-LogoBlack.webp\",\"contentUrl\":\"https:\/\/byhimmi.com\/wp-content\/uploads\/2025\/11\/cropped-LogoBlack.webp\",\"width\":1021,\"height\":489,\"caption\":\"Haitam Nasr Eddine HIMMI\"},\"logo\":{\"@id\":\"https:\/\/byhimmi.com\/fr\/#\/schema\/person\/image\/\"}}]}<\/script>\n<!-- \/ Yoast SEO Premium plugin. -->","yoast_head_json":{"title":"Perdu dans les couleurs - ByHIMMI","robots":{"index":"index","follow":"follow","max-snippet":"max-snippet:-1","max-image-preview":"max-image-preview:large","max-video-preview":"max-video-preview:-1"},"canonical":"https:\/\/byhimmi.com\/fr\/produit\/lost-in-colors\/","og_locale":"fr_FR","og_type":"article","og_title":"Lost in colors","og_description":"\"Lost in colors\" 2024  Where boundaries blur and colors collide, emotions dance in a vibrant symphony. Feel the heat of passion, the coolness of calm, the energy of life.  &nbsp;  N210821 Arcylic paint on stretched canvas, Mixed technique, Palette \ud83d\udc9b\u2764\ufe0f\ud83d\udc99 Signed on the back and initialed on the front  Size: 120 x 80 cm (48 x 24 inch)","og_url":"https:\/\/byhimmi.com\/fr\/produit\/lost-in-colors\/","og_site_name":"ByHIMMI","article_modified_time":"2025-12-11T18:42:00+00:00","og_image":[{"width":863,"height":1080,"url":"https:\/\/byhimmi.com\/wp-content\/uploads\/2025\/12\/lost_in_colors-optimized.webp","type":"image\/jpeg"}],"twitter_card":"summary_large_image","schema":{"@context":"https:\/\/schema.org","@graph":[{"@type":"WebPage","@id":"https:\/\/byhimmi.com\/fr\/produit\/lost-in-colors\/","url":"https:\/\/byhimmi.com\/fr\/produit\/lost-in-colors\/","name":"Perdu dans les couleurs - ByHIMMI","isPartOf":{"@id":"https:\/\/byhimmi.com\/fr\/#website"},"primaryImageOfPage":{"@id":"https:\/\/byhimmi.com\/fr\/produit\/lost-in-colors\/#primaryimage"},"image":{"@id":"https:\/\/byhimmi.com\/fr\/produit\/lost-in-colors\/#primaryimage"},"thumbnailUrl":"https:\/\/byhimmi.com\/wp-content\/uploads\/2025\/12\/lost_in_colors-optimized.webp","datePublished":"2025-12-11T18:38:09+00:00","dateModified":"2025-12-11T18:42:00+00:00","breadcrumb":{"@id":"https:\/\/byhimmi.com\/fr\/produit\/lost-in-colors\/#breadcrumb"},"inLanguage":"fr-FR","potentialAction":[{"@type":"ReadAction","target":["https:\/\/byhimmi.com\/fr\/produit\/lost-in-colors\/"]}]},{"@type":"ImageObject","inLanguage":"fr-FR","@id":"https:\/\/byhimmi.com\/fr\/produit\/lost-in-colors\/#primaryimage","url":"https:\/\/byhimmi.com\/wp-content\/uploads\/2025\/12\/lost_in_colors-optimized.webp","contentUrl":"https:\/\/byhimmi.com\/wp-content\/uploads\/2025\/12\/lost_in_colors-optimized.webp","width":863,"height":1080},{"@type":"BreadcrumbList","@id":"https:\/\/byhimmi.com\/fr\/produit\/lost-in-colors\/#breadcrumb","itemListElement":[{"@type":"ListItem","position":1,"name":"Home","item":"https:\/\/byhimmi.com\/fr\/"},{"@type":"ListItem","position":2,"name":"Artwork &#8211; Shop","item":"https:\/\/byhimmi.com\/fr\/shop\/"},{"@type":"ListItem","position":3,"name":"Lost in colors"}]},{"@type":"WebSite","@id":"https:\/\/byhimmi.com\/fr\/#website","url":"https:\/\/byhimmi.com\/fr\/","name":"ByHIMMI","description":"Artiste Peintre","publisher":{"@id":"https:\/\/byhimmi.com\/fr\/#\/schema\/person\/34b48fa086b1c3e85870e9559470de2f"},"potentialAction":[{"@type":"SearchAction","target":{"@type":"EntryPoint","urlTemplate":"https:\/\/byhimmi.com\/fr\/?s={search_term_string}"},"query-input":{"@type":"PropertyValueSpecification","valueRequired":true,"valueName":"search_term_string"}}],"inLanguage":"fr-FR"},{"@type":["Person","Organization"],"@id":"https:\/\/byhimmi.com\/fr\/#\/schema\/person\/34b48fa086b1c3e85870e9559470de2f","name":"Haitam Nasr Eddine HIMMI","image":{"@type":"ImageObject","inLanguage":"fr-FR","@id":"https:\/\/byhimmi.com\/fr\/#\/schema\/person\/image\/","url":"https:\/\/byhimmi.com\/wp-content\/uploads\/2025\/11\/cropped-LogoBlack.webp","contentUrl":"https:\/\/byhimmi.com\/wp-content\/uploads\/2025\/11\/cropped-LogoBlack.webp","width":1021,"height":489,"caption":"Haitam Nasr Eddine HIMMI"},"logo":{"@id":"https:\/\/byhimmi.com\/fr\/#\/schema\/person\/image\/"}}]}},"_links":{"self":[{"href":"https:\/\/byhimmi.com\/fr\/wp-json\/wp\/v2\/product\/3574","targetHints":{"allow":["GET"]}}],"collection":[{"href":"https:\/\/byhimmi.com\/fr\/wp-json\/wp\/v2\/product"}],"about":[{"href":"https:\/\/byhimmi.com\/fr\/wp-json\/wp\/v2\/types\/product"}],"version-history":[{"count":3,"href":"https:\/\/byhimmi.com\/fr\/wp-json\/wp\/v2\/product\/3574\/revisions"}],"predecessor-version":[{"id":3580,"href":"https:\/\/byhimmi.com\/fr\/wp-json\/wp\/v2\/product\/3574\/revisions\/3580"}],"wp:featuredmedia":[{"embeddable":true,"href":"https:\/\/byhimmi.com\/fr\/wp-json\/wp\/v2\/media\/3579"}],"wp:attachment":[{"href":"https:\/\/byhimmi.com\/fr\/wp-json\/wp\/v2\/media?parent=3574"}],"wp:term":[{"taxonomy":"product_brand","embeddable":true,"href":"https:\/\/byhimmi.com\/fr\/wp-json\/wp\/v2\/product_brand?post=3574"},{"taxonomy":"product_cat","embeddable":true,"href":"https:\/\/byhimmi.com\/fr\/wp-json\/wp\/v2\/product_cat?post=3574"},{"taxonomy":"product_tag","embeddable":true,"href":"https:\/\/byhimmi.com\/fr\/wp-json\/wp\/v2\/product_tag?post=3574"}],"curies":[{"name":"wp","href":"https:\/\/api.w.org\/{rel}","templated":true}]}}