{"id":467,"date":"2021-06-17T01:28:13","date_gmt":"2021-06-17T01:28:13","guid":{"rendered":"http:\/\/byhimmi.local\/exhibitions\/"},"modified":"2025-12-26T08:15:12","modified_gmt":"2025-12-26T08:15:12","slug":"exhibitions","status":"publish","type":"page","link":"https:\/\/byhimmi.com\/fr\/exhibitions\/","title":{"rendered":"Expositions"},"content":{"rendered":"<div data-elementor-type=\"wp-page\" data-elementor-id=\"467\" class=\"elementor elementor-467\" data-elementor-post-type=\"page\">\n\t\t\t\t<div class=\"elementor-element elementor-element-3d47d34 e-flex e-con-boxed e-con e-parent\" data-id=\"3d47d34\" data-element_type=\"container\">\n\t\t\t\t\t<div class=\"e-con-inner\">\n\t\t<div class=\"elementor-element elementor-element-250737b e-con-full e-flex e-con e-child\" data-id=\"250737b\" data-element_type=\"container\">\n\t\t\t\t<div class=\"elementor-element elementor-element-2a4de26 elementor-widget elementor-widget-heading\" data-id=\"2a4de26\" data-element_type=\"widget\" data-widget_type=\"heading.default\">\n\t\t\t\t<div class=\"elementor-widget-container\">\n\t\t\t\t\t<h1 class=\"elementor-heading-title elementor-size-default\">Expositions<\/h1>\t\t\t\t<\/div>\n\t\t\t\t<\/div>\n\t\t\t\t<div class=\"elementor-element elementor-element-7d9f48e elementor-widget-divider--view-line elementor-widget elementor-widget-divider\" data-id=\"7d9f48e\" data-element_type=\"widget\" data-widget_type=\"divider.default\">\n\t\t\t\t<div class=\"elementor-widget-container\">\n\t\t\t\t\t\t\t<div class=\"elementor-divider\">\n\t\t\t<span class=\"elementor-divider-separator\">\n\t\t\t\t\t\t<\/span>\n\t\t<\/div>\n\t\t\t\t\t\t<\/div>\n\t\t\t\t<\/div>\n\t\t\t\t<\/div>\n\t\t\t\t\t<\/div>\n\t\t\t\t<\/div>\n\t\t<div class=\"elementor-element elementor-element-aa77861 e-flex e-con-boxed e-con e-parent\" data-id=\"aa77861\" data-element_type=\"container\" data-settings=\"{&quot;background_background&quot;:&quot;classic&quot;}\">\n\t\t\t\t\t<div class=\"e-con-inner\">\n\t\t<div class=\"elementor-element elementor-element-48e9518 e-con-full e-flex e-con e-child\" data-id=\"48e9518\" data-element_type=\"container\">\n\t\t\t\t<div class=\"elementor-element elementor-element-0a5703d elementor-widget elementor-widget-heading\" data-id=\"0a5703d\" data-element_type=\"widget\" data-widget_type=\"heading.default\">\n\t\t\t\t<div class=\"elementor-widget-container\">\n\t\t\t\t\t<h6 class=\"elementor-heading-title elementor-size-default\">Exposition en cours<\/h6>\t\t\t\t<\/div>\n\t\t\t\t<\/div>\n\t\t\t\t<div class=\"elementor-element elementor-element-92233fa elementor-widget elementor-widget-heading\" data-id=\"92233fa\" data-element_type=\"widget\" data-widget_type=\"heading.default\">\n\t\t\t\t<div class=\"elementor-widget-container\">\n\t\t\t\t\t<h2 class=\"elementor-heading-title elementor-size-default\">All Belong to Nature<\/h2>\t\t\t\t<\/div>\n\t\t\t\t<\/div>\n\t\t\t\t<div class=\"elementor-element elementor-element-4add25a elementor-widget elementor-widget-heading\" data-id=\"4add25a\" data-element_type=\"widget\" data-widget_type=\"heading.default\">\n\t\t\t\t<div class=\"elementor-widget-container\">\n\t\t\t\t\t<h6 class=\"elementor-heading-title elementor-size-default\">Avril 2026<\/h6>\t\t\t\t<\/div>\n\t\t\t\t<\/div>\n\t\t\t\t<\/div>\n\t\t<div class=\"elementor-element elementor-element-3b55d1c e-con-full e-flex e-con e-child\" data-id=\"3b55d1c\" data-element_type=\"container\">\n\t\t\t\t<div class=\"elementor-element elementor-element-1d822ed elementor-widget elementor-widget-text-editor\" data-id=\"1d822ed\" data-element_type=\"widget\" data-widget_type=\"text-editor.default\">\n\t\t\t\t<div class=\"elementor-widget-container\">\n\t\t\t\t\t\t\t\t\t<p>Plus de d\u00e9tails sur la prochaine exposition seront bient\u00f4t d\u00e9voil\u00e9s, un nouveau chapitre prenant forme dans la couleur et la lumi\u00e8re.<\/p>\t\t\t\t\t\t\t\t<\/div>\n\t\t\t\t<\/div>\n\t\t\t\t<div class=\"elementor-element elementor-element-6733b08 elementor-widget elementor-widget-button\" data-id=\"6733b08\" data-element_type=\"widget\" data-widget_type=\"button.default\">\n\t\t\t\t<div class=\"elementor-widget-container\">\n\t\t\t\t\t\t\t\t\t<div class=\"elementor-button-wrapper\">\n\t\t\t\t\t<a class=\"elementor-button elementor-button-link elementor-size-sm\" href=\"#\">\n\t\t\t\t\t\t<span class=\"elementor-button-content-wrapper\">\n\t\t\t\t\t\t<span class=\"elementor-button-icon\">\n\t\t\t\t<svg xmlns=\"http:\/\/www.w3.org\/2000\/svg\" viewbox=\"0 0 2048 2048\"><path d=\"M6.125 1088h1797.89l-402.976 403 89.994 90L2048 1024l-556.966-557-89.994 90 402.976 403H6.125v128z\"><\/path><\/svg>\t\t\t<\/span>\n\t\t\t\t\t\t\t\t\t<span class=\"elementor-button-text\">Lire la suite<\/span>\n\t\t\t\t\t<\/span>\n\t\t\t\t\t<\/a>\n\t\t\t\t<\/div>\n\t\t\t\t\t\t\t\t<\/div>\n\t\t\t\t<\/div>\n\t\t\t\t<\/div>\n\t\t\t\t\t<\/div>\n\t\t\t\t<\/div>\n\t\t<div class=\"elementor-element elementor-element-6cb101f e-flex e-con-boxed e-con e-parent\" data-id=\"6cb101f\" data-element_type=\"container\" data-settings=\"{&quot;background_background&quot;:&quot;classic&quot;}\">\n\t\t\t\t\t<div class=\"e-con-inner\">\n\t\t<div class=\"elementor-element elementor-element-6f2029f e-con-full e-flex e-con e-child\" data-id=\"6f2029f\" data-element_type=\"container\">\n\t\t\t\t<div class=\"elementor-element elementor-element-ca21d99 elementor-widget elementor-widget-heading\" data-id=\"ca21d99\" data-element_type=\"widget\" data-widget_type=\"heading.default\">\n\t\t\t\t<div class=\"elementor-widget-container\">\n\t\t\t\t\t<h2 class=\"elementor-heading-title elementor-size-default\">Expositions \u00e0 venir<\/h2>\t\t\t\t<\/div>\n\t\t\t\t<\/div>\n\t\t<div class=\"elementor-element elementor-element-3a232c8 e-con-full e-flex e-con e-child\" data-id=\"3a232c8\" data-element_type=\"container\">\n\t\t<div class=\"elementor-element elementor-element-5ad7c5a e-con-full e-flex e-con e-child\" data-id=\"5ad7c5a\" data-element_type=\"container\" data-settings=\"{&quot;background_background&quot;:&quot;classic&quot;}\">\n\t\t\t\t<div class=\"elementor-element elementor-element-482e089 elementor-widget elementor-widget-image\" data-id=\"482e089\" data-element_type=\"widget\" data-widget_type=\"image.default\">\n\t\t\t\t<div class=\"elementor-widget-container\">\n\t\t\t\t\t\t\t\t\t\t\t\t\t\t\t<img loading=\"lazy\" decoding=\"async\" width=\"858\" height=\"1080\" src=\"https:\/\/byhimmi.com\/wp-content\/uploads\/2025\/01\/paint1-scaled.webp\" class=\"attachment-full size-full wp-image-2636\" alt=\"\" srcset=\"https:\/\/byhimmi.com\/wp-content\/uploads\/2025\/01\/paint1-scaled.webp 858w, https:\/\/byhimmi.com\/wp-content\/uploads\/2025\/01\/paint1-scaled-600x755.webp 600w, https:\/\/byhimmi.com\/wp-content\/uploads\/2025\/01\/paint1-scaled-238x300.webp 238w, https:\/\/byhimmi.com\/wp-content\/uploads\/2025\/01\/paint1-scaled-814x1024.webp 814w, https:\/\/byhimmi.com\/wp-content\/uploads\/2025\/01\/paint1-scaled-768x967.webp 768w\" sizes=\"auto, (max-width: 858px) 100vw, 858px\" \/>\t\t\t\t\t\t\t\t\t\t\t\t\t\t\t<\/div>\n\t\t\t\t<\/div>\n\t\t\t\t<div class=\"elementor-element elementor-element-0a95e4c elementor-widget elementor-widget-heading\" data-id=\"0a95e4c\" data-element_type=\"widget\" data-widget_type=\"heading.default\">\n\t\t\t\t<div class=\"elementor-widget-container\">\n\t\t\t\t\t<h6 class=\"elementor-heading-title elementor-size-default\">Avril 2026\n<\/h6>\t\t\t\t<\/div>\n\t\t\t\t<\/div>\n\t\t\t\t<div class=\"elementor-element elementor-element-7a0bda8 elementor-widget elementor-widget-heading\" data-id=\"7a0bda8\" data-element_type=\"widget\" data-widget_type=\"heading.default\">\n\t\t\t\t<div class=\"elementor-widget-container\">\n\t\t\t\t\t<h4 class=\"elementor-heading-title elementor-size-default\">\u00ab All Belong to Nature \u00bb <span style=\"font-size: 16px;font-weight: 400\">EXPOSITION COLLECTIVE<\/span><span style=\"font-size: 1.5rem;font-style: inherit\"><\/span><br><\/h4>\t\t\t\t<\/div>\n\t\t\t\t<\/div>\n\t\t\t\t<div class=\"elementor-element elementor-element-52794e4 elementor-widget elementor-widget-text-editor\" data-id=\"52794e4\" data-element_type=\"widget\" data-widget_type=\"text-editor.default\">\n\t\t\t\t<div class=\"elementor-widget-container\">\n\t\t\t\t\t\t\t\t\t<p class=\"p1\" style=\"font-size: 16px; font-style: normal; font-weight: 400;\"><span style=\"font-weight: bold;\"><i>All Belong to Nature<\/i><\/span>\u00a0est un murmure, un rappel que chaque battement de c\u0153ur fait \u00e9cho \u00e0 la terre.<\/p><p class=\"p1\" style=\"font-size: 16px; font-style: normal; font-weight: 400;\">Ces \u0153uvres explorent le lien silencieux entre nos mondes int\u00e9rieurs et les paysages qui nous ont fa\u00e7onn\u00e9s\u2026<\/p>\t\t\t\t\t\t\t\t<\/div>\n\t\t\t\t<\/div>\n\t\t\t\t<div class=\"elementor-element elementor-element-63d92e9 elementor-widget elementor-widget-button\" data-id=\"63d92e9\" data-element_type=\"widget\" data-widget_type=\"button.default\">\n\t\t\t\t<div class=\"elementor-widget-container\">\n\t\t\t\t\t\t\t\t\t<div class=\"elementor-button-wrapper\">\n\t\t\t\t\t<a class=\"elementor-button elementor-button-link elementor-size-sm\" href=\"#\">\n\t\t\t\t\t\t<span class=\"elementor-button-content-wrapper\">\n\t\t\t\t\t\t<span class=\"elementor-button-icon\">\n\t\t\t\t<svg xmlns=\"http:\/\/www.w3.org\/2000\/svg\" viewbox=\"0 0 2048 2048\"><path d=\"M6.125 1088h1797.89l-402.976 403 89.994 90L2048 1024l-556.966-557-89.994 90 402.976 403H6.125v128z\"><\/path><\/svg>\t\t\t<\/span>\n\t\t\t\t\t\t\t\t\t<span class=\"elementor-button-text\">Lire la suite<\/span>\n\t\t\t\t\t<\/span>\n\t\t\t\t\t<\/a>\n\t\t\t\t<\/div>\n\t\t\t\t\t\t\t\t<\/div>\n\t\t\t\t<\/div>\n\t\t\t\t<\/div>\n\t\t\t\t<\/div>\n\t\t\t\t<\/div>\n\t\t\t\t\t<\/div>\n\t\t\t\t<\/div>\n\t\t<div class=\"elementor-element elementor-element-0fef40b elementor-hidden-desktop elementor-hidden-tablet elementor-hidden-mobile e-flex e-con-boxed e-con e-parent\" data-id=\"0fef40b\" data-element_type=\"container\">\n\t\t\t\t\t<div class=\"e-con-inner\">\n\t\t<div class=\"elementor-element elementor-element-ddd479b e-con-full e-flex e-con e-child\" data-id=\"ddd479b\" data-element_type=\"container\">\n\t\t<div class=\"elementor-element elementor-element-b3eb12c e-con-full e-flex e-con e-child\" data-id=\"b3eb12c\" data-element_type=\"container\">\n\t\t<div class=\"elementor-element elementor-element-8a70d1c e-con-full e-flex e-con e-child\" data-id=\"8a70d1c\" data-element_type=\"container\">\n\t\t\t\t<div class=\"elementor-element elementor-element-ec8333a elementor-widget elementor-widget-heading\" data-id=\"ec8333a\" data-element_type=\"widget\" data-widget_type=\"heading.default\">\n\t\t\t\t<div class=\"elementor-widget-container\">\n\t\t\t\t\t<h2 class=\"elementor-heading-title elementor-size-default\">Expositions pass\u00e9es<\/h2>\t\t\t\t<\/div>\n\t\t\t\t<\/div>\n\t\t\t\t<\/div>\n\t\t<div class=\"elementor-element elementor-element-21c0de8 e-con-full e-flex e-con e-child\" data-id=\"21c0de8\" data-element_type=\"container\">\n\t\t\t\t<div class=\"elementor-element elementor-element-af2c90c elementor-widget-divider--view-line elementor-widget elementor-widget-divider\" data-id=\"af2c90c\" data-element_type=\"widget\" data-widget_type=\"divider.default\">\n\t\t\t\t<div class=\"elementor-widget-container\">\n\t\t\t\t\t\t\t<div class=\"elementor-divider\">\n\t\t\t<span class=\"elementor-divider-separator\">\n\t\t\t\t\t\t<\/span>\n\t\t<\/div>\n\t\t\t\t\t\t<\/div>\n\t\t\t\t<\/div>\n\t\t\t\t<div class=\"elementor-element elementor-element-94748a3 elementor-widget elementor-widget-heading\" data-id=\"94748a3\" data-element_type=\"widget\" data-widget_type=\"heading.default\">\n\t\t\t\t<div class=\"elementor-widget-container\">\n\t\t\t\t\t<p class=\"elementor-heading-title elementor-size-default\">Chaque \u0153uvre abstraite est un fragment de pens\u00e9e rendu visible - des couleurs respirant entre le chaos et le calme, vous invitant \u00e0 ressentir plut\u00f4t qu'\u00e0 d\u00e9finir, \u00e0 sentir plut\u00f4t qu'\u00e0 voir.<\/p>\t\t\t\t<\/div>\n\t\t\t\t<\/div>\n\t\t\t\t<\/div>\n\t\t\t\t<\/div>\n\t\t<div class=\"elementor-element elementor-element-e84e359 e-con-full e-flex e-con e-child\" data-id=\"e84e359\" data-element_type=\"container\">\n\t\t\t\t<div class=\"elementor-element elementor-element-0ffb506 elementor-widget__width-initial elementor-widget-tablet__width-initial elementor-widget-mobile__width-initial elementor-position-top elementor-widget elementor-widget-image-box\" data-id=\"0ffb506\" data-element_type=\"widget\" data-widget_type=\"image-box.default\">\n\t\t\t\t<div class=\"elementor-widget-container\">\n\t\t\t\t\t<div class=\"elementor-image-box-wrapper\"><figure class=\"elementor-image-box-img\"><img decoding=\"async\" src=\"http:\/\/himmi.local\/wp-content\/uploads\/2021\/06\/painting-artist-past-exhibition-img-1.jpg\" title=\"\" alt=\"\" loading=\"lazy\" \/><\/figure><div class=\"elementor-image-box-content\"><h5 class=\"elementor-image-box-title\">Convallis Arcu<\/h5><p class=\"elementor-image-box-description\">Congue integer imperdiet viverra integer quis sapien odio mauris elementum<\/p><\/div><\/div>\t\t\t\t<\/div>\n\t\t\t\t<\/div>\n\t\t\t\t<div class=\"elementor-element elementor-element-40944fb elementor-widget__width-initial elementor-widget-tablet__width-initial elementor-widget-mobile__width-initial elementor-position-top elementor-widget elementor-widget-image-box\" data-id=\"40944fb\" data-element_type=\"widget\" data-widget_type=\"image-box.default\">\n\t\t\t\t<div class=\"elementor-widget-container\">\n\t\t\t\t\t<div class=\"elementor-image-box-wrapper\"><figure class=\"elementor-image-box-img\"><img decoding=\"async\" src=\"http:\/\/himmi.local\/wp-content\/uploads\/2021\/06\/painting-artist-past-exhibition-img-2.jpg\" title=\"\" alt=\"\" loading=\"lazy\" \/><\/figure><div class=\"elementor-image-box-content\"><h5 class=\"elementor-image-box-title\">Sit Porta Vestibulum<\/h5><p class=\"elementor-image-box-description\">Nibh sed ornare eget eu hendrerit mauris euismod fermentum<\/p><\/div><\/div>\t\t\t\t<\/div>\n\t\t\t\t<\/div>\n\t\t\t\t<div class=\"elementor-element elementor-element-0e8f608 elementor-widget__width-initial elementor-widget-tablet__width-initial elementor-widget-mobile__width-initial elementor-position-top elementor-widget elementor-widget-image-box\" data-id=\"0e8f608\" data-element_type=\"widget\" data-widget_type=\"image-box.default\">\n\t\t\t\t<div class=\"elementor-widget-container\">\n\t\t\t\t\t<div class=\"elementor-image-box-wrapper\"><figure class=\"elementor-image-box-img\"><img decoding=\"async\" src=\"http:\/\/himmi.local\/wp-content\/uploads\/2021\/06\/painting-artist-past-exhibition-img-3.jpg\" title=\"\" alt=\"\" loading=\"lazy\" \/><\/figure><div class=\"elementor-image-box-content\"><h5 class=\"elementor-image-box-title\">Sed Gravida<\/h5><p class=\"elementor-image-box-description\">Quam odio eu morbi lobortis libero in sed pellentesque adipiscing<\/p><\/div><\/div>\t\t\t\t<\/div>\n\t\t\t\t<\/div>\n\t\t\t\t<\/div>\n\t\t\t\t<\/div>\n\t\t\t\t\t<\/div>\n\t\t\t\t<\/div>\n\t\t\t\t<\/div>","protected":false},"excerpt":{"rendered":"<p>Expositions Exposition actuelle All Belong to Nature Avril 2026 Plus de d\u00e9tails sur la prochaine exposition seront bient\u00f4t d\u00e9voil\u00e9s, un nouveau chapitre prenant forme dans la couleur et la lumi\u00e8re. En savoir plus Expositions \u00e0 venir Avril 2026 \u201c All Belong to Nature \u201d EXPOSITION COLLECTIVE All Belong to Nature est un murmure, un rappel que chaque battement de c\u0153ur fait \u00e9cho \u00e0 la terre. Ces [\u2026]<\/p>","protected":false},"author":1,"featured_media":0,"parent":0,"menu_order":0,"comment_status":"closed","ping_status":"closed","template":"","meta":{"site-sidebar-layout":"no-sidebar","site-content-layout":"page-builder","ast-site-content-layout":"full-width-container","site-content-style":"unboxed","site-sidebar-style":"unboxed","ast-global-header-display":"","ast-banner-title-visibility":"","ast-main-header-display":"","ast-hfb-above-header-display":"","ast-hfb-below-header-display":"","ast-hfb-mobile-header-display":"","site-post-title":"disabled","ast-breadcrumbs-content":"disabled","ast-featured-img":"disabled","footer-sml-layout":"","theme-transparent-header-meta":"enabled","adv-header-id-meta":"","stick-header-meta":"","header-above-stick-meta":"","header-main-stick-meta":"","header-below-stick-meta":"","astra-migrate-meta-layouts":"set","ast-page-background-enabled":"default","ast-page-background-meta":{"desktop":{"background-color":"","background-image":"","background-repeat":"repeat","background-position":"center center","background-size":"auto","background-attachment":"scroll","background-type":"","background-media":"","overlay-type":"","overlay-color":"","overlay-opacity":"","overlay-gradient":""},"tablet":{"background-color":"","background-image":"","background-repeat":"repeat","background-position":"center center","background-size":"auto","background-attachment":"scroll","background-type":"","background-media":"","overlay-type":"","overlay-color":"","overlay-opacity":"","overlay-gradient":""},"mobile":{"background-color":"","background-image":"","background-repeat":"repeat","background-position":"center center","background-size":"auto","background-attachment":"scroll","background-type":"","background-media":"","overlay-type":"","overlay-color":"","overlay-opacity":"","overlay-gradient":""}},"ast-content-background-meta":{"desktop":{"background-color":"var(--ast-global-color-5)","background-image":"","background-repeat":"repeat","background-position":"center center","background-size":"auto","background-attachment":"scroll","background-type":"","background-media":"","overlay-type":"","overlay-color":"","overlay-opacity":"","overlay-gradient":""},"tablet":{"background-color":"var(--ast-global-color-5)","background-image":"","background-repeat":"repeat","background-position":"center center","background-size":"auto","background-attachment":"scroll","background-type":"","background-media":"","overlay-type":"","overlay-color":"","overlay-opacity":"","overlay-gradient":""},"mobile":{"background-color":"var(--ast-global-color-5)","background-image":"","background-repeat":"repeat","background-position":"center center","background-size":"auto","background-attachment":"scroll","background-type":"","background-media":"","overlay-type":"","overlay-color":"","overlay-opacity":"","overlay-gradient":""}},"footnotes":""},"class_list":["post-467","page","type-page","status-publish","hentry"],"yoast_head":"<!-- This site is optimized with the Yoast SEO Premium plugin v26.5 (Yoast SEO v26.6) - https:\/\/yoast.com\/wordpress\/plugins\/seo\/ -->\n<title>Exhibitions - ByHIMMI<\/title>\n<meta name=\"robots\" content=\"index, follow, max-snippet:-1, max-image-preview:large, max-video-preview:-1\" \/>\n<link rel=\"canonical\" href=\"https:\/\/byhimmi.com\/fr\/exhibitions\/\" \/>\n<meta property=\"og:locale\" content=\"fr_FR\" \/>\n<meta property=\"og:type\" content=\"article\" \/>\n<meta property=\"og:title\" content=\"Exhibitions\" \/>\n<meta property=\"og:description\" content=\"Exhibitions Current Exhibition All Belong to Nature April 2026 More details about the upcoming exhibition will be revealed soon, a new chapter taking shape in color and light. Read more Upcoming Exhibitions April 2026 &#8220;All Belong to Nature&#8221; GROUP EXHIBITION All Belong to Nature\u00a0is a whisper, a reminder that every heartbeat echoes the earth. These [&hellip;]\" \/>\n<meta property=\"og:url\" content=\"https:\/\/byhimmi.com\/fr\/exhibitions\/\" \/>\n<meta property=\"og:site_name\" content=\"ByHIMMI\" \/>\n<meta property=\"article:modified_time\" content=\"2025-12-26T08:15:12+00:00\" \/>\n<meta property=\"og:image\" content=\"https:\/\/byhimmi.com\/wp-content\/uploads\/2025\/01\/paint1-scaled.webp\" \/>\n<meta name=\"twitter:card\" content=\"summary_large_image\" \/>\n<meta name=\"twitter:label1\" content=\"Dur\u00e9e de lecture estim\u00e9e\" \/>\n\t<meta name=\"twitter:data1\" content=\"2 minutes\" \/>\n<script type=\"application\/ld+json\" class=\"yoast-schema-graph\">{\"@context\":\"https:\/\/schema.org\",\"@graph\":[{\"@type\":\"WebPage\",\"@id\":\"https:\/\/byhimmi.com\/fr\/exhibitions\/\",\"url\":\"https:\/\/byhimmi.com\/fr\/exhibitions\/\",\"name\":\"Exhibitions - ByHIMMI\",\"isPartOf\":{\"@id\":\"https:\/\/byhimmi.com\/fr\/#website\"},\"primaryImageOfPage\":{\"@id\":\"https:\/\/byhimmi.com\/fr\/exhibitions\/#primaryimage\"},\"image\":{\"@id\":\"https:\/\/byhimmi.com\/fr\/exhibitions\/#primaryimage\"},\"thumbnailUrl\":\"https:\/\/byhimmi.com\/wp-content\/uploads\/2025\/01\/paint1-scaled.webp\",\"datePublished\":\"2021-06-17T01:28:13+00:00\",\"dateModified\":\"2025-12-26T08:15:12+00:00\",\"breadcrumb\":{\"@id\":\"https:\/\/byhimmi.com\/fr\/exhibitions\/#breadcrumb\"},\"inLanguage\":\"fr-FR\",\"potentialAction\":[{\"@type\":\"ReadAction\",\"target\":[\"https:\/\/byhimmi.com\/fr\/exhibitions\/\"]}]},{\"@type\":\"ImageObject\",\"inLanguage\":\"fr-FR\",\"@id\":\"https:\/\/byhimmi.com\/fr\/exhibitions\/#primaryimage\",\"url\":\"https:\/\/byhimmi.com\/wp-content\/uploads\/2025\/01\/paint1-scaled.webp\",\"contentUrl\":\"https:\/\/byhimmi.com\/wp-content\/uploads\/2025\/01\/paint1-scaled.webp\"},{\"@type\":\"BreadcrumbList\",\"@id\":\"https:\/\/byhimmi.com\/fr\/exhibitions\/#breadcrumb\",\"itemListElement\":[{\"@type\":\"ListItem\",\"position\":1,\"name\":\"Home\",\"item\":\"https:\/\/byhimmi.com\/fr\/\"},{\"@type\":\"ListItem\",\"position\":2,\"name\":\"Exhibitions\"}]},{\"@type\":\"WebSite\",\"@id\":\"https:\/\/byhimmi.com\/fr\/#website\",\"url\":\"https:\/\/byhimmi.com\/fr\/\",\"name\":\"ByHIMMI\",\"description\":\"Painter Artist\",\"publisher\":{\"@id\":\"https:\/\/byhimmi.com\/fr\/#\/schema\/person\/34b48fa086b1c3e85870e9559470de2f\"},\"potentialAction\":[{\"@type\":\"SearchAction\",\"target\":{\"@type\":\"EntryPoint\",\"urlTemplate\":\"https:\/\/byhimmi.com\/fr\/?s={search_term_string}\"},\"query-input\":{\"@type\":\"PropertyValueSpecification\",\"valueRequired\":true,\"valueName\":\"search_term_string\"}}],\"inLanguage\":\"fr-FR\"},{\"@type\":[\"Person\",\"Organization\"],\"@id\":\"https:\/\/byhimmi.com\/fr\/#\/schema\/person\/34b48fa086b1c3e85870e9559470de2f\",\"name\":\"Haitam Nasr Eddine HIMMI\",\"image\":{\"@type\":\"ImageObject\",\"inLanguage\":\"fr-FR\",\"@id\":\"https:\/\/byhimmi.com\/fr\/#\/schema\/person\/image\/\",\"url\":\"https:\/\/byhimmi.com\/wp-content\/uploads\/2025\/11\/cropped-LogoBlack.webp\",\"contentUrl\":\"https:\/\/byhimmi.com\/wp-content\/uploads\/2025\/11\/cropped-LogoBlack.webp\",\"width\":1021,\"height\":489,\"caption\":\"Haitam Nasr Eddine HIMMI\"},\"logo\":{\"@id\":\"https:\/\/byhimmi.com\/fr\/#\/schema\/person\/image\/\"}}]}<\/script>\n<!-- \/ Yoast SEO Premium plugin. -->","yoast_head_json":{"title":"Expositions - ByHIMMI","robots":{"index":"index","follow":"follow","max-snippet":"max-snippet:-1","max-image-preview":"max-image-preview:large","max-video-preview":"max-video-preview:-1"},"canonical":"https:\/\/byhimmi.com\/fr\/exhibitions\/","og_locale":"fr_FR","og_type":"article","og_title":"Exhibitions","og_description":"Exhibitions Current Exhibition All Belong to Nature April 2026 More details about the upcoming exhibition will be revealed soon, a new chapter taking shape in color and light. Read more Upcoming Exhibitions April 2026 &#8220;All Belong to Nature&#8221; GROUP EXHIBITION All Belong to Nature\u00a0is a whisper, a reminder that every heartbeat echoes the earth. These [&hellip;]","og_url":"https:\/\/byhimmi.com\/fr\/exhibitions\/","og_site_name":"ByHIMMI","article_modified_time":"2025-12-26T08:15:12+00:00","og_image":[{"url":"https:\/\/byhimmi.com\/wp-content\/uploads\/2025\/01\/paint1-scaled.webp","type":"","width":"","height":""}],"twitter_card":"summary_large_image","twitter_misc":{"Dur\u00e9e de lecture estim\u00e9e":"2 minutes"},"schema":{"@context":"https:\/\/schema.org","@graph":[{"@type":"WebPage","@id":"https:\/\/byhimmi.com\/fr\/exhibitions\/","url":"https:\/\/byhimmi.com\/fr\/exhibitions\/","name":"Expositions - ByHIMMI","isPartOf":{"@id":"https:\/\/byhimmi.com\/fr\/#website"},"primaryImageOfPage":{"@id":"https:\/\/byhimmi.com\/fr\/exhibitions\/#primaryimage"},"image":{"@id":"https:\/\/byhimmi.com\/fr\/exhibitions\/#primaryimage"},"thumbnailUrl":"https:\/\/byhimmi.com\/wp-content\/uploads\/2025\/01\/paint1-scaled.webp","datePublished":"2021-06-17T01:28:13+00:00","dateModified":"2025-12-26T08:15:12+00:00","breadcrumb":{"@id":"https:\/\/byhimmi.com\/fr\/exhibitions\/#breadcrumb"},"inLanguage":"fr-FR","potentialAction":[{"@type":"ReadAction","target":["https:\/\/byhimmi.com\/fr\/exhibitions\/"]}]},{"@type":"ImageObject","inLanguage":"fr-FR","@id":"https:\/\/byhimmi.com\/fr\/exhibitions\/#primaryimage","url":"https:\/\/byhimmi.com\/wp-content\/uploads\/2025\/01\/paint1-scaled.webp","contentUrl":"https:\/\/byhimmi.com\/wp-content\/uploads\/2025\/01\/paint1-scaled.webp"},{"@type":"BreadcrumbList","@id":"https:\/\/byhimmi.com\/fr\/exhibitions\/#breadcrumb","itemListElement":[{"@type":"ListItem","position":1,"name":"Home","item":"https:\/\/byhimmi.com\/fr\/"},{"@type":"ListItem","position":2,"name":"Exhibitions"}]},{"@type":"WebSite","@id":"https:\/\/byhimmi.com\/fr\/#website","url":"https:\/\/byhimmi.com\/fr\/","name":"ByHIMMI","description":"Artiste Peintre","publisher":{"@id":"https:\/\/byhimmi.com\/fr\/#\/schema\/person\/34b48fa086b1c3e85870e9559470de2f"},"potentialAction":[{"@type":"SearchAction","target":{"@type":"EntryPoint","urlTemplate":"https:\/\/byhimmi.com\/fr\/?s={search_term_string}"},"query-input":{"@type":"PropertyValueSpecification","valueRequired":true,"valueName":"search_term_string"}}],"inLanguage":"fr-FR"},{"@type":["Person","Organization"],"@id":"https:\/\/byhimmi.com\/fr\/#\/schema\/person\/34b48fa086b1c3e85870e9559470de2f","name":"Haitam Nasr Eddine HIMMI","image":{"@type":"ImageObject","inLanguage":"fr-FR","@id":"https:\/\/byhimmi.com\/fr\/#\/schema\/person\/image\/","url":"https:\/\/byhimmi.com\/wp-content\/uploads\/2025\/11\/cropped-LogoBlack.webp","contentUrl":"https:\/\/byhimmi.com\/wp-content\/uploads\/2025\/11\/cropped-LogoBlack.webp","width":1021,"height":489,"caption":"Haitam Nasr Eddine HIMMI"},"logo":{"@id":"https:\/\/byhimmi.com\/fr\/#\/schema\/person\/image\/"}}]}},"_links":{"self":[{"href":"https:\/\/byhimmi.com\/fr\/wp-json\/wp\/v2\/pages\/467","targetHints":{"allow":["GET"]}}],"collection":[{"href":"https:\/\/byhimmi.com\/fr\/wp-json\/wp\/v2\/pages"}],"about":[{"href":"https:\/\/byhimmi.com\/fr\/wp-json\/wp\/v2\/types\/page"}],"author":[{"embeddable":true,"href":"https:\/\/byhimmi.com\/fr\/wp-json\/wp\/v2\/users\/1"}],"replies":[{"embeddable":true,"href":"https:\/\/byhimmi.com\/fr\/wp-json\/wp\/v2\/comments?post=467"}],"version-history":[{"count":58,"href":"https:\/\/byhimmi.com\/fr\/wp-json\/wp\/v2\/pages\/467\/revisions"}],"predecessor-version":[{"id":4568,"href":"https:\/\/byhimmi.com\/fr\/wp-json\/wp\/v2\/pages\/467\/revisions\/4568"}],"wp:attachment":[{"href":"https:\/\/byhimmi.com\/fr\/wp-json\/wp\/v2\/media?parent=467"}],"curies":[{"name":"wp","href":"https:\/\/api.w.org\/{rel}","templated":true}]}}